{"id":1476,"date":"2016-02-12T07:54:41","date_gmt":"2016-02-12T07:54:41","guid":{"rendered":"http:\/\/demos.famethemes.com\/onepress\/?page_id=4"},"modified":"2020-02-19T13:02:36","modified_gmt":"2020-02-19T16:02:36","slug":"home-3","status":"publish","type":"page","link":"https:\/\/prosegdistribuidora.com.br\/","title":{"rendered":""},"content":{"rendered":"\n<p>A PROSEG DISTRIBUIDORA atua h\u00e1 mais de 17 anos no ramo de seguran\u00e7a eletr\u00f4nica, possui atendimento exclusivo a\u00a0instaladores e empresas de seguran\u00e7a. Com sede em Novo Hamburgo\/RS, atende todo o estado do Rio Grande Do Sul e conta com diversas linhas de produtos representando as melhores marcas do mercado. Estamos em busca cont\u00ednua do melhor aos nossos clientes, com qualidade e agilidade em nossa assist\u00eancia t\u00e9cnica e excel\u00eancia em nosso atendimento, buscando sempre a inova\u00e7\u00e3o e produtos de alta qualidade.<\/p>\n","protected":false},"excerpt":{"rendered":"<p>A PROSEG DISTRIBUIDORA atua h\u00e1 mais de 17 anos no ramo de seguran\u00e7a eletr\u00f4nica, possui atendimento exclusivo a\u00a0instaladores e empresas de seguran\u00e7a. Com sede em Novo Hamburgo\/RS, atende todo o &#8230;<\/p>\n","protected":false},"author":2,"featured_media":0,"parent":0,"menu_order":0,"comment_status":"closed","ping_status":"closed","template":"template-frontpage.php","meta":{"footnotes":""},"class_list":["post-1476","page","type-page","status-publish","hentry"],"_links":{"self":[{"href":"https:\/\/prosegdistribuidora.com.br\/index.php\/wp-json\/wp\/v2\/pages\/1476","targetHints":{"allow":["GET"]}}],"collection":[{"href":"https:\/\/prosegdistribuidora.com.br\/index.php\/wp-json\/wp\/v2\/pages"}],"about":[{"href":"https:\/\/prosegdistribuidora.com.br\/index.php\/wp-json\/wp\/v2\/types\/page"}],"author":[{"embeddable":true,"href":"https:\/\/prosegdistribuidora.com.br\/index.php\/wp-json\/wp\/v2\/users\/2"}],"replies":[{"embeddable":true,"href":"https:\/\/prosegdistribuidora.com.br\/index.php\/wp-json\/wp\/v2\/comments?post=1476"}],"version-history":[{"count":4,"href":"https:\/\/prosegdistribuidora.com.br\/index.php\/wp-json\/wp\/v2\/pages\/1476\/revisions"}],"predecessor-version":[{"id":1983,"href":"https:\/\/prosegdistribuidora.com.br\/index.php\/wp-json\/wp\/v2\/pages\/1476\/revisions\/1983"}],"wp:attachment":[{"href":"https:\/\/prosegdistribuidora.com.br\/index.php\/wp-json\/wp\/v2\/media?parent=1476"}],"curies":[{"name":"wp","href":"https:\/\/api.w.org\/{rel}","templated":true}]}}