{"id":1859,"date":"2019-11-20T15:57:39","date_gmt":"2019-11-20T18:57:39","guid":{"rendered":"http:\/\/prosegdistribuidora.com.br\/proseg\/index.php\/membership-login\/membership-profile\/"},"modified":"2019-11-20T15:57:39","modified_gmt":"2019-11-20T18:57:39","slug":"membership-profile","status":"publish","type":"page","link":"https:\/\/prosegdistribuidora.com.br\/index.php\/membership-login\/membership-profile\/","title":{"rendered":"Perfil"},"content":{"rendered":"Voc\u00ea n\u00e3o est\u00e1 conectado.\n","protected":false},"excerpt":{"rendered":"","protected":false},"author":1,"featured_media":0,"parent":1858,"menu_order":0,"comment_status":"closed","ping_status":"closed","template":"","meta":{"footnotes":""},"class_list":["post-1859","page","type-page","status-publish","hentry"],"_links":{"self":[{"href":"https:\/\/prosegdistribuidora.com.br\/index.php\/wp-json\/wp\/v2\/pages\/1859","targetHints":{"allow":["GET"]}}],"collection":[{"href":"https:\/\/prosegdistribuidora.com.br\/index.php\/wp-json\/wp\/v2\/pages"}],"about":[{"href":"https:\/\/prosegdistribuidora.com.br\/index.php\/wp-json\/wp\/v2\/types\/page"}],"author":[{"embeddable":true,"href":"https:\/\/prosegdistribuidora.com.br\/index.php\/wp-json\/wp\/v2\/users\/1"}],"replies":[{"embeddable":true,"href":"https:\/\/prosegdistribuidora.com.br\/index.php\/wp-json\/wp\/v2\/comments?post=1859"}],"version-history":[{"count":0,"href":"https:\/\/prosegdistribuidora.com.br\/index.php\/wp-json\/wp\/v2\/pages\/1859\/revisions"}],"up":[{"embeddable":true,"href":"https:\/\/prosegdistribuidora.com.br\/index.php\/wp-json\/wp\/v2\/pages\/1858"}],"wp:attachment":[{"href":"https:\/\/prosegdistribuidora.com.br\/index.php\/wp-json\/wp\/v2\/media?parent=1859"}],"curies":[{"name":"wp","href":"https:\/\/api.w.org\/{rel}","templated":true}]}}